{"id":649,"date":"2022-10-07T07:06:13","date_gmt":"2022-10-07T07:06:13","guid":{"rendered":"https:\/\/renovarym.ca\/"},"modified":"2025-01-17T10:50:56","modified_gmt":"2025-01-17T15:50:56","slug":"accueil","status":"publish","type":"page","link":"https:\/\/renovarym.ca\/en\/","title":{"rendered":"Accueil"},"content":{"rendered":"<h2>Votre  partenaire en r\u00e9novation g\u00e9n\u00e9rale<\/h2>\n<p>Nous sommes une entreprise de r\u00e9novation \u00e0 Montr\u00e9al d\u00e9vou\u00e9e \u00e0 transformer votre espace en une \u0153uvre d&rsquo;art architecturale.<\/p>\n<p>\t\t\t\t\t<a href=\"https:\/\/renovarym.ca\/contact\/\"><br \/>\n\t\t\t\t\t\t\t\t\tContacter-nous<br \/>\n\t\t\t\t\t<\/a><br \/>\n\t\t\t\t<svg aria-hidden=\"true\" viewBox=\"0 0 512 512\" xmlns=\"http:\/\/www.w3.org\/2000\/svg\"><path d=\"M173.898 439.404l-166.4-166.4c-9.997-9.997-9.997-26.206 0-36.204l36.203-36.204c9.997-9.998 26.207-9.998 36.204 0L192 312.69 432.095 72.596c9.997-9.997 26.207-9.997 36.204 0l36.203 36.204c9.997 9.997 9.997 26.206 0 36.204l-294.4 294.401c-9.998 9.997-26.207 9.997-36.204-.001z\"><\/path><\/svg>\t\t\t\t<\/p>\n<h3>\n\t\t\t\t\t\t\tQualit\u00e9. S\u00e9curit\u00e9. Fiabilit\u00e9. Tout le temps.<br \/>\n\t\t\t\t\t<\/h3>\n<p>\t\t\t<svg aria-hidden=\"true\" viewBox=\"0 0 448 512\" xmlns=\"http:\/\/www.w3.org\/2000\/svg\"><path d=\"M424.4 214.7L72.4 6.6C43.8-10.3 0 6.1 0 47.9V464c0 37.5 40.7 60.1 72.4 41.3l352-208c31.4-18.5 31.5-64.1 0-82.6z\"><\/path><\/svg>\t\t\t<\/p>\n<h3>Tous les travaux sont garantis par \u00e9crit<\/h3>\n<p>Ce qui est \u00e9crit devient une promesse, ce qui est promis devient un engagement.<\/p>\n<p>\t\t\t\t<svg xmlns=\"http:\/\/www.w3.org\/2000\/svg\" viewBox=\"0 0 64 64\"><path d=\"M.7 55.6a6.6 6.6 0 0 1 1.2-7.4l.4-.5 25.5-25.5.4-.4 9.7 9.7-.3.3C29.1 40.5 20.5 49 12 57.5a7 7 0 0 1-4.7 2.2H7a6.9 6.9 0 0 1-6.3-4.1zM52 37l-5.1-5.1c-.5-.4-.8-1.1-.9-1.7 0-1.2-.8-2.2-1.9-2.5a2.6 2.6 0 0 0-3 .8l-.4.4-9.7-9.7 3.1-3.1-.6-.3a9.5 9.5 0 0 0-7.1-2.1c-2.1.2-4.2.7-6.3 1.3-.9.4-2-.1-2.3-1l-.1-.5c0-.5.1-1.1.4-1.5C23 7.2 28.6 4 35.7 4.2c3.8.1 7.4 1.6 10.1 4.3l7.1 7.1c.4.4.6.9.6 1.4 0 1.5 1.3 2.7 2.8 2.8.6 0 1.2.3 1.6.7a267.4 267.4 0 0 1 6 6.4v.9l-1 1.3-7.8 7.8c-.6.9-1.9 1.1-2.8.5L52 37z\"><\/path><\/svg>\t\t\t\t<\/p>\n<h5>\n\t\t\t\t\t\t\tAm\u00e9nagement du sous-sol<br \/>\n\t\t\t\t\t<\/h5>\n<p>\n\t\t\t\t\t\tUne base solide, garantie de durabilit\u00e9.\t\t\t\t\t<\/p>\n<p>\t\t\t\t<svg xmlns=\"http:\/\/www.w3.org\/2000\/svg\" viewBox=\"0 0 64 64\"><path d=\"M.9 60.7a6.4 6.4 0 0 1 1.2-7.9l8.5-8.5.3-.3 9.1 9.1-.2.3-8.6 8.6c-1.2 1.3-3 2-4.7 2a6.4 6.4 0 0 1-5.6-3.3zm12.8-19.5 4.3-4.4c.7-.7 1.8-.6 2.4.1l6.5 6.5c.7.7.8 1.8.1 2.5l-.1.1-4.1 4.1-9.1-8.9zM39 46.5l-6.3-6.3-.2-.2.5-.5 6.3-6.3c2.4-2.3 2.4-6 .2-8.4s-6-2.4-8.4-.2l-.2.2-6 6-.7.8-.5-.5-5.8-5.8a6.6 6.6 0 0 1-.4-9.2l.4-.4A46 46 0 0 1 47.2.3l3.3-.4h4.7l4.2.4c2.3 0 4.3 1.9 4.3 4.2v.1l.4 4.2v4.7l-.4 3.3c-1 8.7-4.5 16.8-10.1 23.5a80.8 80.8 0 0 1-5.7 6 6.2 6.2 0 0 1-8.9.2zM24.9 36.1l.3-.3 8.2-8.3c.5-.6 1.3-.9 2-.8 1.2.2 2 1.3 1.8 2.4-.1.4-.2.8-.5 1.1l-.5.5-7.9 7.9-.4.4-3-2.9z\"><\/path><\/svg>\t\t\t\t<\/p>\n<h5>\n\t\t\t\t\t\t\tPose de carrelage<br \/>\n\t\t\t\t\t<\/h5>\n<p>\n\t\t\t\t\t\tChaque carreau pos\u00e9 avec pr\u00e9cision, pour une finition parfaite\t\t\t\t\t<\/p>\n<p>\t\t\t\t<svg xmlns=\"http:\/\/www.w3.org\/2000\/svg\" viewBox=\"0 0 64 64\"><path d=\"M22.3 63.9a5.9 5.9 0 0 1-3.3-1.7L8.4 51.6c-.7-.5-.8-1.5-.3-2.2l.1-.1 2.5-4.6-.1-.1-3.2 1.8-1.6.9c-.5.3-1.1.3-1.5 0a20 20 0 0 1-3.4-3.7 5.5 5.5 0 0 1 .9-7.1L12 26.3c.5-.7 1.5-.8 2.1-.3l.3.3 5.6 5.6 17.4 17.4c1.1 1.1 1.1 1.8 0 2.9L27.6 62a6 6 0 0 1-4.3 1.9h-1zm18.6-15.2-11-11-14.5-14.4c-1.1-1.1-1.1-1.8 0-2.9l3.8-3.8a6.7 6.7 0 0 1 9.5 0l.1.1 2.6 2.6a3.5 3.5 0 0 0 5.5-.4l10-14.2A9.6 9.6 0 0 1 53.5.4l.2-.1h2.1l.3.1c3.8.6 6.8 3.4 7.6 7.1l.2.9v2.1c-.3 1-.5 1.9-.9 2.8a9.8 9.8 0 0 1-3.2 3.8L45.1 27.4c-1.5 1-2 3-1.1 4.5l.8.9 2.6 2.6a6.8 6.8 0 0 1 .1 9.5l-.1.1-3.9 3.9c-.3.4-.8.7-1.3.7a3 3 0 0 1-1.3-.9zm11.5-40a2.9 2.9 0 1 0 2.9-2.9c-1.6.1-2.9 1.4-2.9 2.9z\"><\/path><\/svg>\t\t\t\t<\/p>\n<h5>\n\t\t\t\t\t\t\tPeinture des murs<br \/>\n\t\t\t\t\t<\/h5>\n<p>\n\t\t\t\t\t\tDes couleurs garanties pour embellir et durer.\t\t\t\t\t<\/p>\n<p>\t\t\t\t<svg xmlns=\"http:\/\/www.w3.org\/2000\/svg\" viewBox=\"0 0 64 64\"><path d=\"m1.3 51.2 1-1.3 2-2 11.9 11.8c-1.6 1.7-3.2 3.4-5.6 4-3.4.8-6.9-.5-8.9-3.3a7.9 7.9 0 0 1-.4-9.2zm6.6-6.9 11.8 11.8-1.8 1.8L6.1 46.1l1.8-1.8zm13.3-11.2 9.6 9.6a40.2 40.2 0 0 1-9.4 11.5L9.7 42.5c3.2-3.8 7.1-7 11.5-9.4zm1.5-5.3 2.1-2.1c.5-.4 1.1-.7 1.6-.9a5 5 0 0 1 1.6.9l10 10c.9.8 1 2.2.2 3.2l-.2.2-2.1 2.1c-.8.9-2.2 1-3.1.1l-.1-.1-10-10c-.4-.4-.7-1-.7-1.6 0-.7.3-1.3.7-1.8zm12.1-7.4a9 9 0 0 1 1.7-2.6L50.7 3.6l.1-.1 9.7 9.7-.4.5a1674 1674 0 0 0-13.3 13.4 9.1 9.1 0 0 1-3.7 2.4c-1.9.7-3.7 1.3-4.9 3L31.7 26c1.7-1.5 2.3-3.6 3.1-5.6zM55 .1c1.2-.3 2.5.1 3.4 1.1l4.3 4.3c1.9 1.9 1.8 4.2-.3 5.9l-9.7-9.7C53.2.9 54 .3 55 .1z\"><\/path><\/svg>\t\t\t\t<\/p>\n<h5>\n\t\t\t\t\t\t\tRev\u00eatements de sol<br \/>\n\t\t\t\t\t<\/h5>\n<p>\n\t\t\t\t\t\tUn sol impeccable, con\u00e7u pour r\u00e9sister au temps.\t\t\t\t\t<\/p>\n<p>Perfection &amp; \u00c9legance<\/p>\n<h2>Nos \u0153uvres<\/h2>\n<style>.elementor-1309 .elementor-element.elementor-element-cc2e1d7{--display:flex;--flex-direction:row;--container-widget-width:initial;--container-widget-height:100%;--container-widget-flex-grow:1;--container-widget-align-self:stretch;--flex-wrap-mobile:wrap;--gap:30px 30px;--row-gap:30px;--column-gap:30px;--margin-top:0px;--margin-bottom:40px;--margin-left:0px;--margin-right:0px;}.elementor-1309 .elementor-element.elementor-element-c9d173e{--display:flex;--flex-direction:column;--container-widget-width:100%;--container-widget-height:initial;--container-widget-flex-grow:0;--container-widget-align-self:initial;--flex-wrap-mobile:wrap;--padding-top:0px;--padding-bottom:0px;--padding-left:0px;--padding-right:0px;}.elementor-1309 .elementor-element.elementor-element-3e30547{--display:flex;--flex-direction:column;--container-widget-width:100%;--container-widget-height:initial;--container-widget-flex-grow:0;--container-widget-align-self:initial;--flex-wrap-mobile:wrap;--padding-top:0px;--padding-bottom:0px;--padding-left:0px;--padding-right:0px;}<\/style>\n<p>\t\t\t\t\t\t\t\t\t\t\t\t\t\t\t<img loading=\"lazy\" decoding=\"async\" width=\"960\" height=\"630\" src=\"https:\/\/renovarym.ca\/wp-content\/uploads\/2022\/08\/slider-image-2-1.webp\" alt=\"\" srcset=\"https:\/\/renovarym.ca\/wp-content\/uploads\/2022\/08\/slider-image-2-1.webp 960w, https:\/\/renovarym.ca\/wp-content\/uploads\/2022\/08\/slider-image-2-1-300x197.webp 300w, https:\/\/renovarym.ca\/wp-content\/uploads\/2022\/08\/slider-image-2-1-768x504.webp 768w\" sizes=\"auto, (max-width: 960px) 100vw, 960px\" \/><br \/>\n\t\t\t\t\t\t\t\t\t\t\t\t\t\t\t<img loading=\"lazy\" decoding=\"async\" width=\"960\" height=\"630\" src=\"https:\/\/renovarym.ca\/wp-content\/uploads\/2022\/08\/slider-image-1.webp\" alt=\"\" srcset=\"https:\/\/renovarym.ca\/wp-content\/uploads\/2022\/08\/slider-image-1.webp 960w, https:\/\/renovarym.ca\/wp-content\/uploads\/2022\/08\/slider-image-1-300x197.webp 300w, https:\/\/renovarym.ca\/wp-content\/uploads\/2022\/08\/slider-image-1-768x504.webp 768w\" sizes=\"auto, (max-width: 960px) 100vw, 960px\" \/>\t\t\t\t\t\t\t\t\t\t\t\t\t\t\t<\/p>\n<style>.elementor-1315 .elementor-element.elementor-element-176b460{--display:flex;--flex-direction:row;--container-widget-width:initial;--container-widget-height:100%;--container-widget-flex-grow:1;--container-widget-align-self:stretch;--flex-wrap-mobile:wrap;--gap:30px 30px;--row-gap:30px;--column-gap:30px;--margin-top:0px;--margin-bottom:40px;--margin-left:0px;--margin-right:0px;}.elementor-1315 .elementor-element.elementor-element-6d3158e{--display:flex;--flex-direction:column;--container-widget-width:100%;--container-widget-height:initial;--container-widget-flex-grow:0;--container-widget-align-self:initial;--flex-wrap-mobile:wrap;--padding-top:0px;--padding-bottom:0px;--padding-left:0px;--padding-right:0px;}.elementor-1315 .elementor-element.elementor-element-483bee6{--display:flex;--flex-direction:column;--container-widget-width:100%;--container-widget-height:initial;--container-widget-flex-grow:0;--container-widget-align-self:initial;--flex-wrap-mobile:wrap;--padding-top:0px;--padding-bottom:0px;--padding-left:0px;--padding-right:0px;}<\/style>\n<p>\t\t\t\t\t\t\t\t\t\t\t\t\t\t\t<img loading=\"lazy\" decoding=\"async\" width=\"960\" height=\"630\" src=\"https:\/\/renovarym.ca\/wp-content\/uploads\/2022\/08\/slider-image-3.webp\" alt=\"\" srcset=\"https:\/\/renovarym.ca\/wp-content\/uploads\/2022\/08\/slider-image-3.webp 960w, https:\/\/renovarym.ca\/wp-content\/uploads\/2022\/08\/slider-image-3-300x197.webp 300w, https:\/\/renovarym.ca\/wp-content\/uploads\/2022\/08\/slider-image-3-768x504.webp 768w\" sizes=\"auto, (max-width: 960px) 100vw, 960px\" \/><br \/>\n\t\t\t\t\t\t\t\t\t\t\t\t\t\t\t<img loading=\"lazy\" decoding=\"async\" width=\"960\" height=\"630\" src=\"https:\/\/renovarym.ca\/wp-content\/uploads\/2022\/08\/slider-image-4.webp\" alt=\"\" srcset=\"https:\/\/renovarym.ca\/wp-content\/uploads\/2022\/08\/slider-image-4.webp 960w, https:\/\/renovarym.ca\/wp-content\/uploads\/2022\/08\/slider-image-4-300x197.webp 300w, https:\/\/renovarym.ca\/wp-content\/uploads\/2022\/08\/slider-image-4-768x504.webp 768w\" sizes=\"auto, (max-width: 960px) 100vw, 960px\" \/><br \/>\n                                                    <button type=\"button\" style=\"display:none\"><svg aria-hidden=\"true\" viewBox=\"0 0 256 512\" xmlns=\"http:\/\/www.w3.org\/2000\/svg\"><path d=\"M31.7 239l136-136c9.4-9.4 24.6-9.4 33.9 0l22.6 22.6c9.4 9.4 9.4 24.6 0 33.9L127.9 256l96.4 96.4c9.4 9.4 9.4 24.6 0 33.9L201.7 409c-9.4 9.4-24.6 9.4-33.9 0l-136-136c-9.5-9.4-9.5-24.6-.1-34z\"><\/path><\/svg><\/button><br \/>\n                                    <button type=\"button\" style=\"display:none\"><svg aria-hidden=\"true\" viewBox=\"0 0 256 512\" xmlns=\"http:\/\/www.w3.org\/2000\/svg\"><path d=\"M224.3 273l-136 136c-9.4 9.4-24.6 9.4-33.9 0l-22.6-22.6c-9.4-9.4-9.4-24.6 0-33.9l96.4-96.4-96.4-96.4c-9.4-9.4-9.4-24.6 0-33.9L54.3 103c9.4-9.4 24.6-9.4 33.9 0l136 136c9.5 9.4 9.5 24.6.1 34z\"><\/path><\/svg><\/button><\/p>\n<p>\u00ab\u00a0Une \u00e9quipe professionnelle et \u00e0 l&rsquo;\u00e9coute ! Ma r\u00e9novation a d\u00e9pass\u00e9 mes attentes. Je recommande vivement RenovaRym !\u00a0\u00bb<\/p>\n<figure><img loading=\"lazy\" decoding=\"async\" width=\"380\" height=\"502\" src=\"https:\/\/renovarym.ca\/wp-content\/uploads\/2021\/11\/f-3.jpg\" alt=\"\" \/><\/figure>\n<h4>Michelle Harmington<\/h4>\n<p>Entrepreneur.<\/p>\n<p>Nous sommes singuliers<\/p>\n<h2>Pourquoi nous choisir ?<\/h2>\n<h4>Innovation<\/h4>\n<p>Des techniques modernes et des solutions cr\u00e9atives pour des r\u00e9sultats uniques et adapt\u00e9s \u00e0 vos besoins.<\/p>\n<p>\t\t\t\t\t<a href=\"https:\/\/renovarym.ca\/a-propos\/\"><br \/>\n\t\t\t\t\t\t\t\t\tLire plus<br \/>\n\t\t\t\t\t<\/a><\/p>\n<h4>Respect des d\u00e9lais<\/h4>\n<p>Un calendrier clair et respect\u00e9, pour que votre projet soit livr\u00e9 \u00e0 temps, sans compromis sur la qualit\u00e9.<\/p>\n<p>\t\t\t\t\t<a href=\"https:\/\/renovarym.ca\/a-propos\/\"><br \/>\n\t\t\t\t\t\t\t\t\tLire plus<br \/>\n\t\t\t\t\t<\/a><br \/>\n\t\t\t\t\t\t\t\t\t\t\t\t\t\t\t<img loading=\"lazy\" decoding=\"async\" width=\"637\" height=\"491\" src=\"https:\/\/renovarym.ca\/wp-content\/uploads\/2022\/08\/home-illustration.svg\" alt=\"\" \/>\t\t\t\t\t\t\t\t\t\t\t\t\t\t\t<\/p>\n<h4>Personnalisation<\/h4>\n<p>Chaque projet est con\u00e7u sur mesure pour refl\u00e9ter votre style et r\u00e9pondre parfaitement \u00e0 vos attentes.<\/p>\n<p>\t\t\t\t\t<a href=\"https:\/\/renovarym.ca\/a-propos\/\"><br \/>\n\t\t\t\t\t\t\t\t\tLire plus<br \/>\n\t\t\t\t\t<\/a><\/p>\n<h4>Rapport qualit\u00e9-prix<\/h4>\n<p>Des services premium \u00e0 des prix comp\u00e9titifs, avec une transparence totale \u00e0 chaque \u00e9tape.<\/p>\n<p>\t\t\t\t\t<a href=\"https:\/\/renovarym.ca\/a-propos\/\"><br \/>\n\t\t\t\t\t\t\t\t\tLire plus<br \/>\n\t\t\t\t\t<\/a><\/p>\n<h3>La perfection \u00e0 chaque \u00e9tape.<\/h3>\n<p>Chaque d\u00e9tail compte pour un r\u00e9sultat qui d\u00e9passe les attentes.<\/p>\n<p>\t\t\tAnn\u00e9es d&rsquo;exp\u00e9riences<br \/>\n\t\t\t\t0<br \/>\n\t\t\t\t+<br \/>\n\t\t\tProjets compl\u00e9t\u00e9s<br \/>\n\t\t\t\t0<br \/>\n\t\t\t\t+<br \/>\n\t\t\tClients satisfaits<br \/>\n\t\t\t\t0<br \/>\n\t\t\t\t+<br \/>\n\t\t\tCorps de m\u00e9tiers<br \/>\n\t\t\t\t0<br \/>\n\t\t\t\t+<\/p>\n<h3>\n\t\t\t\t\t\t\tNOS PARTENAIRES :<br \/>\n\t\t\t\t\t<\/h3>\n<figure class='gallery-item'>\n\t\t\t\t<a data-elementor-open-lightbox=\"yes\" data-elementor-lightbox-slideshow=\"8b181ed\" data-e-action-hash=\"#elementor-action%3Aaction%3Dlightbox%26settings%3DeyJpZCI6MTQ2MywidXJsIjoiaHR0cHM6XC9cL3Jlbm92YXJ5bS5jYVwvd3AtY29udGVudFwvdXBsb2Fkc1wvMjAyNVwvMDFcLzUud2VicCIsInNsaWRlc2hvdyI6IjhiMTgxZWQifQ%3D%3D\" href='https:\/\/renovarym.ca\/wp-content\/uploads\/2025\/01\/5.webp'><img loading=\"lazy\" width=\"70\" height=\"70\" src=\"https:\/\/renovarym.ca\/wp-content\/uploads\/2025\/01\/5.webp\" alt=\"Renovation rym\" aria-describedby=\"gallery-1-1463\" decoding=\"async\" \/><\/a><figcaption class='wp-caption-text gallery-caption' id='gallery-1-1463'>\n\t\t\t\tDANI &#038; ZAPHIR<br \/>\n\t\t\t\t<\/figcaption><\/figure>\n<figure class='gallery-item'>\n\t\t\t\t<a data-elementor-open-lightbox=\"yes\" data-elementor-lightbox-slideshow=\"8b181ed\" data-e-action-hash=\"#elementor-action%3Aaction%3Dlightbox%26settings%3DeyJpZCI6MTQ1OSwidXJsIjoiaHR0cHM6XC9cL3Jlbm92YXJ5bS5jYVwvd3AtY29udGVudFwvdXBsb2Fkc1wvMjAyNVwvMDFcLzEud2VicCIsInNsaWRlc2hvdyI6IjhiMTgxZWQifQ%3D%3D\" href='https:\/\/renovarym.ca\/wp-content\/uploads\/2025\/01\/1.webp'><img loading=\"lazy\" width=\"70\" height=\"70\" src=\"https:\/\/renovarym.ca\/wp-content\/uploads\/2025\/01\/1.webp\" alt=\"R\u00e9novation Renovarym\" aria-describedby=\"gallery-1-1459\" decoding=\"async\" \/><\/a><figcaption class='wp-caption-text gallery-caption' id='gallery-1-1459'>\n\t\t\t\tCL\u00c9OPATRE &#038; CIE<br \/>\n\t\t\t\t<\/figcaption><\/figure>\n<figure class='gallery-item'>\n\t\t\t\t<a data-elementor-open-lightbox=\"yes\" data-elementor-lightbox-slideshow=\"8b181ed\" data-e-action-hash=\"#elementor-action%3Aaction%3Dlightbox%26settings%3DeyJpZCI6MTQ2MSwidXJsIjoiaHR0cHM6XC9cL3Jlbm92YXJ5bS5jYVwvd3AtY29udGVudFwvdXBsb2Fkc1wvMjAyNVwvMDFcLzMud2VicCIsInNsaWRlc2hvdyI6IjhiMTgxZWQifQ%3D%3D\" href='https:\/\/renovarym.ca\/wp-content\/uploads\/2025\/01\/3.webp'><img loading=\"lazy\" width=\"70\" height=\"70\" src=\"https:\/\/renovarym.ca\/wp-content\/uploads\/2025\/01\/3.webp\" alt=\"Renovation rym\" aria-describedby=\"gallery-1-1461\" decoding=\"async\" \/><\/a><figcaption class='wp-caption-text gallery-caption' id='gallery-1-1461'>\n\t\t\t\tJOHN STEVENSON<br \/>\n\t\t\t\t<\/figcaption><\/figure>\n<figure class='gallery-item'>\n\t\t\t\t<a data-elementor-open-lightbox=\"yes\" data-elementor-lightbox-slideshow=\"8b181ed\" data-e-action-hash=\"#elementor-action%3Aaction%3Dlightbox%26settings%3DeyJpZCI6MTQ2MiwidXJsIjoiaHR0cHM6XC9cL3Jlbm92YXJ5bS5jYVwvd3AtY29udGVudFwvdXBsb2Fkc1wvMjAyNVwvMDFcLzQud2VicCIsInNsaWRlc2hvdyI6IjhiMTgxZWQifQ%3D%3D\" href='https:\/\/renovarym.ca\/wp-content\/uploads\/2025\/01\/4.webp'><img loading=\"lazy\" width=\"70\" height=\"70\" src=\"https:\/\/renovarym.ca\/wp-content\/uploads\/2025\/01\/4.webp\" alt=\"Renovation rym\" aria-describedby=\"gallery-1-1462\" decoding=\"async\" \/><\/a><figcaption class='wp-caption-text gallery-caption' id='gallery-1-1462'>\n\t\t\t\tMARBLE PORTES &#038; FEN\u00caTRES<br \/>\n\t\t\t\t<\/figcaption><\/figure>\n<h3>Contacter-nous<\/h3>\n<p>Nous sommes pr\u00eats \u00e0 vous aider dans votre projet de r\u00e9novation.<\/p>\n<form id=\"wpforms-form-193\" data-formid=\"193\" method=\"post\" enctype=\"multipart\/form-data\" action=\"\/wp-admin\/admin-ajax.php\" data-token=\"6f33ad8f50246c519518be7decd22048\" data-token-time=\"1737129056\"><noscript>Please enable JavaScript in your browser to complete this form.<\/noscript><label for=\"wpforms-193-field_1\">Nom *<\/label><input type=\"text\" id=\"wpforms-193-field_1\" name=\"wpforms[fields][1]\" required><label for=\"wpforms-193-field_2\">Courriel *<\/label><input type=\"text\" id=\"wpforms-193-field_2\" name=\"wpforms[fields][2]\" required><label for=\"wpforms-193-field_3\">T\u00e9l\u00e9phone *<\/label><input type=\"text\" id=\"wpforms-193-field_3\" name=\"wpforms[fields][3]\" required><!-- .wpforms-field-container --><input type=\"hidden\" name=\"wpforms[id]\" value=\"193\">\t\t\t<input\n\t\t\t\ttype=\"hidden\"\n\t\t\t\tname=\"wpforms[nonce]\"\n\t\t\t\tvalue=\"62a1ec5bfc\"\n\t\t\t\/><br \/>\n\t\t\t<input type=\"hidden\" name=\"page_title\" value=\"{page_title}\"><input type=\"hidden\" name=\"page_url\" value=\"http:\/\/page_url\"><button type=\"submit\" name=\"wpforms[submit]\" id=\"wpforms-submit-193\" data-alt-text=\"Envoi...\" data-submit-text=\"Fixer un rendez-vous\" aria-live=\"assertive\" value=\"wpforms-submit\">Fixer un rendez-vous<\/button><img loading=\"lazy\" decoding=\"async\" src=\"https:\/\/renovarym.ca\/wp-content\/plugins\/wpforms-lite\/assets\/images\/submit-spin.svg\" style=\"display: none;\" width=\"26\" height=\"26\" alt=\"Loading\"><\/form>\n<p>  <!-- .wpforms-container --><\/p>\n<h3>Avant de commencer vos travaux, explorez notre section Actualit\u00e9s pour plus d&rsquo;informations, d&rsquo;astuces et des recommandations !<\/h3>\n<p>\t\t\t\t\t<a href=\"https:\/\/renovarym.ca\/contact-transformer-un-espace-contactez-nous-sans-tarder\/\"><br \/>\n\t\t\t\t\t\t\t\t\tLire plus<br \/>\n\t\t\t\t\t<\/a><br \/>\n\t\t\t\t\t\t\t\t\t\t\t\t\t\t\t<img loading=\"lazy\" decoding=\"async\" width=\"675\" height=\"408\" src=\"https:\/\/renovarym.ca\/wp-content\/uploads\/2022\/08\/home-footer-cta-image.webp\" alt=\"\" srcset=\"https:\/\/renovarym.ca\/wp-content\/uploads\/2022\/08\/home-footer-cta-image.webp 675w, https:\/\/renovarym.ca\/wp-content\/uploads\/2022\/08\/home-footer-cta-image-300x181.webp 300w\" sizes=\"auto, (max-width: 675px) 100vw, 675px\" \/><\/p>\n","protected":false},"excerpt":{"rendered":"<p>Votre partenaire en r\u00e9novation g\u00e9n\u00e9rale Nous sommes une entreprise de r\u00e9novation \u00e0 Montr\u00e9al d\u00e9vou\u00e9e \u00e0 transformer votre espace en une \u0153uvre d&rsquo;art architecturale. Contacter-nous Qualit\u00e9. S\u00e9curit\u00e9. Fiabilit\u00e9. Tout le temps. Tous les travaux sont garantis par \u00e9crit Ce qui est \u00e9crit devient une promesse, ce qui est promis devient un engagement. Am\u00e9nagement du sous-sol Une [&hellip;]<\/p>\n","protected":false},"author":1,"featured_media":0,"parent":0,"menu_order":0,"comment_status":"closed","ping_status":"closed","template":"","meta":{"footnotes":""},"class_list":["post-649","page","type-page","status-publish","hentry"],"blocksy_meta":{"page_title_panel":"","has_hero_section":"disabled","619b5fdf8f425c19c75ee7ee435a46bc":"","hero_section":"type-1","hero_elements":[{"id":"custom_title","enabled":true,"heading_tag":"h1","title":"Home"},{"id":"custom_description","enabled":true,"description_visibility":{"desktop":true,"tablet":true,"mobile":false}},{"id":"custom_meta","enabled":false,"meta_elements":[{"id":"author","enabled":true,"label":"By","has_author_avatar":"yes","avatar_size":25},{"id":"post_date","enabled":true,"label":"On","date_format_source":"default","date_format":"M j, Y"},{"id":"updated_date","enabled":false,"label":"On","date_format_source":"default","date_format":"M j, Y"},{"id":"categories","enabled":false,"label":"In","style":"simple"},{"id":"comments","enabled":true}],"page_meta_elements":{"joined":true,"articles_count":true,"comments":true}},{"id":"breadcrumbs","enabled":false}],"ecb4b38300f9cdf24f664e660b431160":"","hero_alignment1":"CT_CSS_SKIP_RULE","hero_margin":40,"hero_alignment2":"center","hero_vertical_alignment":"center","a2d929d2769997982cb3124a9526a308":"","hero_structure":"narrow","7603c156aed953189bf6c6ed24c3c56b":"","page_title_bg_type":"featured_image","custom_hero_background":{"attachment_id":null},"page_title_image_size":"full","parallax":{"desktop":false,"tablet":false,"mobile":false},"21fca22b22c136abdc57a3b95ac2961f":"","hero_height":"250px","pageTitleFont":{"family":"Default","variation":"Default","size":"30px","line-height":"CT_CSS_SKIP_RULE","letter-spacing":"CT_CSS_SKIP_RULE","text-transform":"CT_CSS_SKIP_RULE","text-decoration":"CT_CSS_SKIP_RULE"},"pageTitleFontColor":{"default":{"color":"CT_CSS_SKIP_RULEDEFAULT"}},"pageMetaFont":{"family":"Default","variation":"n6","size":"12px","line-height":"1.3","letter-spacing":"CT_CSS_SKIP_RULE","text-transform":"uppercase","text-decoration":"CT_CSS_SKIP_RULE"},"pageMetaFontColor":{"default":{"color":"CT_CSS_SKIP_RULEDEFAULT"},"hover":{"color":"CT_CSS_SKIP_RULEDEFAULT"}},"page_meta_button_type_font_colors":{"default":{"color":"CT_CSS_SKIP_RULEDEFAULT"},"hover":{"color":"CT_CSS_SKIP_RULEDEFAULT"}},"page_meta_button_type_background_colors":{"default":{"color":"CT_CSS_SKIP_RULEDEFAULT"},"hover":{"color":"CT_CSS_SKIP_RULEDEFAULT"}},"pageExcerptFont":{"family":"Default","variation":"Default","size":"CT_CSS_SKIP_RULE","line-height":"CT_CSS_SKIP_RULE","letter-spacing":"CT_CSS_SKIP_RULE","text-transform":"CT_CSS_SKIP_RULE","text-decoration":"CT_CSS_SKIP_RULE"},"pageExcerptColor":{"default":{"color":"CT_CSS_SKIP_RULEDEFAULT"}},"breadcrumbsFont":{"family":"Default","variation":"Default","size":"CT_CSS_SKIP_RULE","line-height":"CT_CSS_SKIP_RULE","letter-spacing":"CT_CSS_SKIP_RULE","text-transform":"CT_CSS_SKIP_RULE","text-decoration":"CT_CSS_SKIP_RULE"},"breadcrumbsFontColor":{"default":{"color":"CT_CSS_SKIP_RULEDEFAULT"},"initial":{"color":"CT_CSS_SKIP_RULEDEFAULT"},"hover":{"color":"CT_CSS_SKIP_RULEDEFAULT"}},"pageTitleOverlay":{"background_type":"color","background_pattern":"type-1","background_image":{"attachment_id":null,"x":0,"y":0},"gradient":"linear-gradient(135deg,rgba(6,147,227,1) 0%,rgb(155,81,224) 100%)","background_repeat":"repeat","background_size":"auto","background_attachment":"scroll","patternColor":{"default":{"color":"#e5e7ea"}},"overlayColor":{"default":{"color":"CT_CSS_SKIP_RULE"}},"backgroundColor":{"default":{"color":"CT_CSS_SKIP_RULE"}}},"pageTitleBackground":{"background_type":"color","background_pattern":"type-1","background_image":{"attachment_id":null,"x":0,"y":0},"gradient":"linear-gradient(135deg,rgba(6,147,227,1) 0%,rgb(155,81,224) 100%)","background_repeat":"repeat","background_size":"auto","background_attachment":"scroll","patternColor":{"default":{"color":"#e5e7ea"}},"overlayColor":{"default":{"color":"CT_CSS_SKIP_RULE"}},"backgroundColor":{"default":{"color":"var(--theme-palette-color-6)"}}},"pageTitlePadding":{"top":"50px","bottom":"50px","left":"auto","right":"auto","linked":true},"1c6a8ffb4ac3d8da7bc4be76c67ae2f6":"","page_structure_type":"default","0c2eafba48c72713eeb6618b1f17b2de":"","content_style_source":"inherit","content_style":"wide","vertical_spacing_source":"custom","content_area_spacing":"none","background":{"background_type":"color","background_pattern":"type-1","background_image":{"attachment_id":null,"x":0,"y":0},"gradient":"linear-gradient(135deg,rgba(6,147,227,1) 0%,rgb(155,81,224) 100%)","background_repeat":"repeat","background_size":"auto","background_attachment":"scroll","patternColor":{"default":{"color":"#e5e7ea"}},"overlayColor":{"default":{"color":"CT_CSS_SKIP_RULE"}},"backgroundColor":{"default":{"color":"CT_CSS_SKIP_RULE"}}},"content_background":{"background_type":"color","background_pattern":"type-1","background_image":{"attachment_id":null,"x":0,"y":0},"gradient":"linear-gradient(135deg,rgba(6,147,227,1) 0%,rgb(155,81,224) 100%)","background_repeat":"repeat","background_size":"auto","background_attachment":"scroll","patternColor":{"default":{"color":"#e5e7ea"}},"overlayColor":{"default":{"color":"CT_CSS_SKIP_RULE"}},"backgroundColor":{"default":{"color":"var(--theme-palette-color-8)"}}},"content_boxed_shadow":{"inherit":false,"blur":18,"spread":-6,"v_offset":12,"h_offset":0,"inset":false,"enable":true,"color":{"color":"rgba(34, 56, 101, 0.04)"}},"content_boxed_border":{"width":1,"style":"none","color":{"color":"rgba(44,62,80,0.2)"}},"content_boxed_radius":{"top":"3px","bottom":"3px","left":"3px","right":"3px","linked":true},"boxed_content_spacing":{"desktop":{"top":"40px","bottom":"40px","left":"40px","right":"40px","linked":true},"tablet":{"top":"35px","bottom":"35px","left":"35px","right":"35px","linked":true},"mobile":{"top":"20px","bottom":"20px","left":"20px","right":"20px","linked":true}},"ed934e385f857abcff3c7e4d7a6fc3ec":"","disable_featured_image":"no","disable_share_box":"no","disable_header":"no","disable_footer":"no","styles_descriptor":{"styles":{"desktop":"","tablet":"","mobile":""},"google_fonts":[],"version":6}},"_links":{"self":[{"href":"https:\/\/renovarym.ca\/en\/wp-json\/wp\/v2\/pages\/649","targetHints":{"allow":["GET"]}}],"collection":[{"href":"https:\/\/renovarym.ca\/en\/wp-json\/wp\/v2\/pages"}],"about":[{"href":"https:\/\/renovarym.ca\/en\/wp-json\/wp\/v2\/types\/page"}],"author":[{"embeddable":true,"href":"https:\/\/renovarym.ca\/en\/wp-json\/wp\/v2\/users\/1"}],"replies":[{"embeddable":true,"href":"https:\/\/renovarym.ca\/en\/wp-json\/wp\/v2\/comments?post=649"}],"version-history":[{"count":94,"href":"https:\/\/renovarym.ca\/en\/wp-json\/wp\/v2\/pages\/649\/revisions"}],"predecessor-version":[{"id":1514,"href":"https:\/\/renovarym.ca\/en\/wp-json\/wp\/v2\/pages\/649\/revisions\/1514"}],"wp:attachment":[{"href":"https:\/\/renovarym.ca\/en\/wp-json\/wp\/v2\/media?parent=649"}],"curies":[{"name":"wp","href":"https:\/\/api.w.org\/{rel}","templated":true}]}}