{"id":651,"date":"2022-10-07T07:06:24","date_gmt":"2022-10-07T07:06:24","guid":{"rendered":"https:\/\/renovarym.ca\/about\/"},"modified":"2025-01-17T11:58:38","modified_gmt":"2025-01-17T16:58:38","slug":"a-propos-renovation-sur-mesure-a-montreal","status":"publish","type":"page","link":"https:\/\/renovarym.ca\/fr_ca\/a-propos-renovation-sur-mesure-a-montreal\/","title":{"rendered":"A propos"},"content":{"rendered":"<h3>La  r\u00e9novation sur mesure  \u00e0 Montr\u00e9al et la r\u00e9gion !<\/h3>\n<p>Chaque projet est une occasion de repousser les limites de l&rsquo;excellence et de cr\u00e9er des r\u00e9sultats qui inspirent.<\/p>\n<p>\t\t\t\t\t<a href=\"https:\/\/renovarym.ca\/contact\/\"><br \/>\n\t\t\t\t\t\t\t\t\tContacter-nous<br \/>\n\t\t\t\t\t<\/a><\/p>\n<p>\u00ab\u00a0Chez RenovaRym, notre passion est de transformer vos r\u00eaves en espaces uniques qui vous ressemblent. Votre satisfaction est notre plus grande r\u00e9compense, et nous sommes fiers de b\u00e2tir bien plus que des espaces\u2013 nous b\u00e2tissons des relations de confiance et des histoires inoubliables.\u00a0\u00bb<\/p>\n<h4>Abdel Mourchidi<\/h4>\n<p>Fondateur Discret\u00a0<\/p>\n<p>\t\t\t\t\t\t\t\t\t\t\t\t\t\t\t<img loading=\"lazy\" decoding=\"async\" width=\"78\" height=\"51\" src=\"https:\/\/renovarym.ca\/wp-content\/uploads\/2022\/08\/signature.svg\" alt=\"\" \/>\t\t\t\t\t\t\t\t\t\t\t\t\t\t\t<\/p>\n<h3>La r\u00e9novation sur mesure et agrandissement de n&rsquo;importe quel espace.<\/h3>\n<p>Donnez une nouvelle vie \u00e0 votre maison, bureau ou cabinet avec nos services de r\u00e9novation et d\u2019agrandissement sur mesure. Que ce soit pour moderniser vos espaces existants ou ajouter de la superficie \u00e0 votre demeure, notre \u00e9quipe combine cr\u00e9ativit\u00e9 et expertise pour transformer chaque projet en un espace fonctionnel, esth\u00e9tique et parfaitement adapt\u00e9 \u00e0 vos besoins.<\/p>\n<p>\t\t\t\t\t<a href=\"https:\/\/renovarym.ca\/services\/\"><br \/>\n\t\t\t\t\t\t\t\t\tLire plus<br \/>\n\t\t\t\t\t<\/a><br \/>\n\t\t\t\t\t\t\t\t\t\t\t\t\t\t\t<img loading=\"lazy\" decoding=\"async\" width=\"742\" height=\"761\" src=\"https:\/\/renovarym.ca\/wp-content\/uploads\/2022\/08\/about-page-illustration.svg\" alt=\"\" \/>\t\t\t\t\t\t\t\t\t\t\t\t\t\t\t<\/p>\n<p>Sodales Malesuada<\/p>\n<h2>Notre \u00e9quipe<\/h2>\n<h4>Jeremy Ortiz<\/h4>\n<p>Gestionnaire de Projet<\/p>\n<p>Supervise chaque \u00e9tape des travaux avec rigueur et professionnalisme. Il est expert en gestion et tr\u00e8s pointilleux.<\/p>\n<p>\t\t\t\t\t<a target=\"_blank\"><br \/>\n\t\t\t\t\t\tFacebook-square<br \/>\n\t\t\t\t\t\t<svg viewBox=\"0 0 448 512\" xmlns=\"http:\/\/www.w3.org\/2000\/svg\"><path d=\"M400 32H48A48 48 0 0 0 0 80v352a48 48 0 0 0 48 48h137.25V327.69h-63V256h63v-54.64c0-62.15 37-96.48 93.67-96.48 27.14 0 55.52 4.84 55.52 4.84v61h-31.27c-30.81 0-40.42 19.12-40.42 38.73V256h68.78l-11 71.69h-57.78V480H400a48 48 0 0 0 48-48V80a48 48 0 0 0-48-48z\"><\/path><\/svg>\t\t\t\t\t<\/a><br \/>\n\t\t\t\t\t<a target=\"_blank\"><br \/>\n\t\t\t\t\t\tTwitter<br \/>\n\t\t\t\t\t\t<svg viewBox=\"0 0 512 512\" xmlns=\"http:\/\/www.w3.org\/2000\/svg\"><path d=\"M459.37 151.716c.325 4.548.325 9.097.325 13.645 0 138.72-105.583 298.558-298.558 298.558-59.452 0-114.68-17.219-161.137-47.106 8.447.974 16.568 1.299 25.34 1.299 49.055 0 94.213-16.568 130.274-44.832-46.132-.975-84.792-31.188-98.112-72.772 6.498.974 12.995 1.624 19.818 1.624 9.421 0 18.843-1.3 27.614-3.573-48.081-9.747-84.143-51.98-84.143-102.985v-1.299c13.969 7.797 30.214 12.67 47.431 13.319-28.264-18.843-46.781-51.005-46.781-87.391 0-19.492 5.197-37.36 14.294-52.954 51.655 63.675 129.3 105.258 216.365 109.807-1.624-7.797-2.599-15.918-2.599-24.04 0-57.828 46.782-104.934 104.934-104.934 30.213 0 57.502 12.67 76.67 33.137 23.715-4.548 46.456-13.32 66.599-25.34-7.798 24.366-24.366 44.833-46.132 57.827 21.117-2.273 41.584-8.122 60.426-16.243-14.292 20.791-32.161 39.308-52.628 54.253z\"><\/path><\/svg>\t\t\t\t\t<\/a><br \/>\n\t\t\t\t\t<a target=\"_blank\"><br \/>\n\t\t\t\t\t\tLinkedin-in<br \/>\n\t\t\t\t\t\t<svg viewBox=\"0 0 448 512\" xmlns=\"http:\/\/www.w3.org\/2000\/svg\"><path d=\"M100.28 448H7.4V148.9h92.88zM53.79 108.1C24.09 108.1 0 83.5 0 53.8a53.79 53.79 0 0 1 107.58 0c0 29.7-24.1 54.3-53.79 54.3zM447.9 448h-92.68V302.4c0-34.7-.7-79.2-48.29-79.2-48.29 0-55.69 37.7-55.69 76.7V448h-92.78V148.9h89.08v40.8h1.3c12.4-23.5 42.69-48.3 87.88-48.3 94 0 111.28 61.9 111.28 142.3V448z\"><\/path><\/svg>\t\t\t\t\t<\/a><br \/>\n\t\t\t\t\t\t\t\t\t\t\t\t\t\t\t<img loading=\"lazy\" decoding=\"async\" width=\"738\" height=\"672\" src=\"https:\/\/renovarym.ca\/wp-content\/uploads\/2022\/08\/team-member-2.webp\" alt=\"\" srcset=\"https:\/\/renovarym.ca\/wp-content\/uploads\/2022\/08\/team-member-2.webp 738w, https:\/\/renovarym.ca\/wp-content\/uploads\/2022\/08\/team-member-2-300x273.webp 300w, https:\/\/renovarym.ca\/wp-content\/uploads\/2022\/08\/team-member-2-396x360.webp 396w\" sizes=\"auto, (max-width: 738px) 100vw, 738px\" \/><br \/>\n\t\t\t\t\t\t\t\t\t\t\t\t\t\t\t<img loading=\"lazy\" decoding=\"async\" width=\"738\" height=\"672\" src=\"https:\/\/renovarym.ca\/wp-content\/uploads\/2022\/08\/team-member-1.webp\" alt=\"\" srcset=\"https:\/\/renovarym.ca\/wp-content\/uploads\/2022\/08\/team-member-1.webp 738w, https:\/\/renovarym.ca\/wp-content\/uploads\/2022\/08\/team-member-1-300x273.webp 300w, https:\/\/renovarym.ca\/wp-content\/uploads\/2022\/08\/team-member-1-396x360.webp 396w\" sizes=\"auto, (max-width: 738px) 100vw, 738px\" \/>\t\t\t\t\t\t\t\t\t\t\t\t\t\t\t<\/p>\n<h4>Ahmed Mansouri<\/h4>\n<p>Expert en r\u00e9novation<\/p>\n<p>Ma\u00eetrise les techniques les plus modernes pour garantir des travaux durables et bien ex\u00e9cut\u00e9s. Il est presque irr\u00e9prochable.<\/p>\n<p>\t\t\t\t\t<a target=\"_blank\"><br \/>\n\t\t\t\t\t\tFacebook-square<br \/>\n\t\t\t\t\t\t<svg viewBox=\"0 0 448 512\" xmlns=\"http:\/\/www.w3.org\/2000\/svg\"><path d=\"M400 32H48A48 48 0 0 0 0 80v352a48 48 0 0 0 48 48h137.25V327.69h-63V256h63v-54.64c0-62.15 37-96.48 93.67-96.48 27.14 0 55.52 4.84 55.52 4.84v61h-31.27c-30.81 0-40.42 19.12-40.42 38.73V256h68.78l-11 71.69h-57.78V480H400a48 48 0 0 0 48-48V80a48 48 0 0 0-48-48z\"><\/path><\/svg>\t\t\t\t\t<\/a><br \/>\n\t\t\t\t\t<a target=\"_blank\"><br \/>\n\t\t\t\t\t\tTwitter<br \/>\n\t\t\t\t\t\t<svg viewBox=\"0 0 512 512\" xmlns=\"http:\/\/www.w3.org\/2000\/svg\"><path d=\"M459.37 151.716c.325 4.548.325 9.097.325 13.645 0 138.72-105.583 298.558-298.558 298.558-59.452 0-114.68-17.219-161.137-47.106 8.447.974 16.568 1.299 25.34 1.299 49.055 0 94.213-16.568 130.274-44.832-46.132-.975-84.792-31.188-98.112-72.772 6.498.974 12.995 1.624 19.818 1.624 9.421 0 18.843-1.3 27.614-3.573-48.081-9.747-84.143-51.98-84.143-102.985v-1.299c13.969 7.797 30.214 12.67 47.431 13.319-28.264-18.843-46.781-51.005-46.781-87.391 0-19.492 5.197-37.36 14.294-52.954 51.655 63.675 129.3 105.258 216.365 109.807-1.624-7.797-2.599-15.918-2.599-24.04 0-57.828 46.782-104.934 104.934-104.934 30.213 0 57.502 12.67 76.67 33.137 23.715-4.548 46.456-13.32 66.599-25.34-7.798 24.366-24.366 44.833-46.132 57.827 21.117-2.273 41.584-8.122 60.426-16.243-14.292 20.791-32.161 39.308-52.628 54.253z\"><\/path><\/svg>\t\t\t\t\t<\/a><br \/>\n\t\t\t\t\t<a target=\"_blank\"><br \/>\n\t\t\t\t\t\tLinkedin-in<br \/>\n\t\t\t\t\t\t<svg viewBox=\"0 0 448 512\" xmlns=\"http:\/\/www.w3.org\/2000\/svg\"><path d=\"M100.28 448H7.4V148.9h92.88zM53.79 108.1C24.09 108.1 0 83.5 0 53.8a53.79 53.79 0 0 1 107.58 0c0 29.7-24.1 54.3-53.79 54.3zM447.9 448h-92.68V302.4c0-34.7-.7-79.2-48.29-79.2-48.29 0-55.69 37.7-55.69 76.7V448h-92.78V148.9h89.08v40.8h1.3c12.4-23.5 42.69-48.3 87.88-48.3 94 0 111.28 61.9 111.28 142.3V448z\"><\/path><\/svg>\t\t\t\t\t<\/a><\/p>\n<h4>Patricia Salvan<\/h4>\n<p>Designer Principal<\/p>\n<p>Excelle \u00e0 transformer des id\u00e9es en plans fonctionnels et esth\u00e9tiques. Elle est Passionn\u00e9e par l\u2019harmonie des espaces.<\/p>\n<p>\t\t\t\t\t<a target=\"_blank\"><br \/>\n\t\t\t\t\t\tFacebook-square<br \/>\n\t\t\t\t\t\t<svg viewBox=\"0 0 448 512\" xmlns=\"http:\/\/www.w3.org\/2000\/svg\"><path d=\"M400 32H48A48 48 0 0 0 0 80v352a48 48 0 0 0 48 48h137.25V327.69h-63V256h63v-54.64c0-62.15 37-96.48 93.67-96.48 27.14 0 55.52 4.84 55.52 4.84v61h-31.27c-30.81 0-40.42 19.12-40.42 38.73V256h68.78l-11 71.69h-57.78V480H400a48 48 0 0 0 48-48V80a48 48 0 0 0-48-48z\"><\/path><\/svg>\t\t\t\t\t<\/a><br \/>\n\t\t\t\t\t<a target=\"_blank\"><br \/>\n\t\t\t\t\t\tTwitter<br \/>\n\t\t\t\t\t\t<svg viewBox=\"0 0 512 512\" xmlns=\"http:\/\/www.w3.org\/2000\/svg\"><path d=\"M459.37 151.716c.325 4.548.325 9.097.325 13.645 0 138.72-105.583 298.558-298.558 298.558-59.452 0-114.68-17.219-161.137-47.106 8.447.974 16.568 1.299 25.34 1.299 49.055 0 94.213-16.568 130.274-44.832-46.132-.975-84.792-31.188-98.112-72.772 6.498.974 12.995 1.624 19.818 1.624 9.421 0 18.843-1.3 27.614-3.573-48.081-9.747-84.143-51.98-84.143-102.985v-1.299c13.969 7.797 30.214 12.67 47.431 13.319-28.264-18.843-46.781-51.005-46.781-87.391 0-19.492 5.197-37.36 14.294-52.954 51.655 63.675 129.3 105.258 216.365 109.807-1.624-7.797-2.599-15.918-2.599-24.04 0-57.828 46.782-104.934 104.934-104.934 30.213 0 57.502 12.67 76.67 33.137 23.715-4.548 46.456-13.32 66.599-25.34-7.798 24.366-24.366 44.833-46.132 57.827 21.117-2.273 41.584-8.122 60.426-16.243-14.292 20.791-32.161 39.308-52.628 54.253z\"><\/path><\/svg>\t\t\t\t\t<\/a><br \/>\n\t\t\t\t\t<a target=\"_blank\"><br \/>\n\t\t\t\t\t\tLinkedin-in<br \/>\n\t\t\t\t\t\t<svg viewBox=\"0 0 448 512\" xmlns=\"http:\/\/www.w3.org\/2000\/svg\"><path d=\"M100.28 448H7.4V148.9h92.88zM53.79 108.1C24.09 108.1 0 83.5 0 53.8a53.79 53.79 0 0 1 107.58 0c0 29.7-24.1 54.3-53.79 54.3zM447.9 448h-92.68V302.4c0-34.7-.7-79.2-48.29-79.2-48.29 0-55.69 37.7-55.69 76.7V448h-92.78V148.9h89.08v40.8h1.3c12.4-23.5 42.69-48.3 87.88-48.3 94 0 111.28 61.9 111.28 142.3V448z\"><\/path><\/svg>\t\t\t\t\t<\/a><br \/>\n\t\t\t\t\t\t\t\t\t\t\t\t\t\t\t<img loading=\"lazy\" decoding=\"async\" width=\"738\" height=\"672\" src=\"https:\/\/renovarym.ca\/wp-content\/uploads\/2022\/08\/team-member-3.webp\" alt=\"\" srcset=\"https:\/\/renovarym.ca\/wp-content\/uploads\/2022\/08\/team-member-3.webp 738w, https:\/\/renovarym.ca\/wp-content\/uploads\/2022\/08\/team-member-3-300x273.webp 300w, https:\/\/renovarym.ca\/wp-content\/uploads\/2022\/08\/team-member-3-396x360.webp 396w\" sizes=\"auto, (max-width: 738px) 100vw, 738px\" \/>\t\t\t\t\t\t\t\t\t\t\t\t\t\t\t<\/p>\n<p>F.A.Q.<\/p>\n<h2>Vous avez des questions ?<\/h2>\n<h5>1. Combien de temps dure un projet de r\u00e9novation compl\u00e8te d&rsquo;une maison?<\/h5>\n<p>La dur\u00e9e d\u2019un projet d\u00e9pend de sa complexit\u00e9 et de son ampleur. En g\u00e9n\u00e9ral, une r\u00e9novation compl\u00e8te peut prendre de 8 \u00e0 16 semaines, incluant la planification, les travaux et les finitions.<\/p>\n<h5>3. Quels types de mat\u00e9riaux utilisez-vous ?<br \/>\n<\/h5>\n<p>Nous privil\u00e9gions des mat\u00e9riaux de haute qualit\u00e9, durables et respectueux de l&rsquo;environnement, tout en nous adaptant \u00e0 vos pr\u00e9f\u00e9rences et \u00e0 votre budget.<\/p>\n<h5>2. Avez-vous des architectes ou des designers pour m&rsquo;aider \u00e0 concevoir mon projet?<br \/>\n<\/h5>\n<p>Oui, notre \u00e9quipe comprend des designers et des architectes exp\u00e9riment\u00e9s pour vous accompagner \u00e0 chaque \u00e9tape, de la conception initiale \u00e0 la r\u00e9alisation finale.<\/p>\n<h5>4. Avez-vous une garantie sur les travaux r\u00e9alis\u00e9s?<br \/>\n<\/h5>\n<p>Oui, tous nos travaux sont couverts par une garantie. Nous nous engageons \u00e0 assurer votre satisfaction et \u00e0 vous offrir un service apr\u00e8s-vente de qualit\u00e9.<\/p>\n<h2>Chez RenovaRym, notre vision est simple.<\/h2>\n<p>\u00ab\u00a0La simplicit\u00e9 est l\u2019ultime sophistication.\u00a0\u00bb \u2013 L\u00e9onard de Vinci<\/p>\n<p>R\u00e9imaginer les espaces pour qu&rsquo;ils refl\u00e8tent non seulement la beaut\u00e9, mais aussi la personnalit\u00e9 et les aspirations de ceux qui les habitent.<\/p>\n<p>\t\t\t\t\t<a href=\"https:\/\/renovarym.ca\/services\/\"><br \/>\n\t\t\t\t\t\t\t\t\tLire plus<br \/>\n\t\t\t\t\t<\/a><\/p>\n<p>Le r\u00e9sultat est presque parlant<\/p>\n<h2>Galerie de projets<\/h2>\n<figure class='gallery-item'>\n\t\t\t\t<img loading=\"lazy\" width=\"960\" height=\"630\" src=\"https:\/\/renovarym.ca\/wp-content\/uploads\/2022\/08\/gallery-image-5.webp\" alt=\"\" decoding=\"async\" srcset=\"https:\/\/renovarym.ca\/wp-content\/uploads\/2022\/08\/gallery-image-5.webp 960w, https:\/\/renovarym.ca\/wp-content\/uploads\/2022\/08\/gallery-image-5-300x197.webp 300w, https:\/\/renovarym.ca\/wp-content\/uploads\/2022\/08\/gallery-image-5-768x504.webp 768w\" sizes=\"auto, (max-width: 960px) 100vw, 960px\" \/><br \/>\n\t\t\t<\/figure>\n<figure class='gallery-item'>\n\t\t\t\t<img loading=\"lazy\" width=\"960\" height=\"630\" src=\"https:\/\/renovarym.ca\/wp-content\/uploads\/2022\/08\/gallery-image-4.webp\" alt=\"\" decoding=\"async\" srcset=\"https:\/\/renovarym.ca\/wp-content\/uploads\/2022\/08\/gallery-image-4.webp 960w, https:\/\/renovarym.ca\/wp-content\/uploads\/2022\/08\/gallery-image-4-300x197.webp 300w, https:\/\/renovarym.ca\/wp-content\/uploads\/2022\/08\/gallery-image-4-768x504.webp 768w\" sizes=\"auto, (max-width: 960px) 100vw, 960px\" \/><br \/>\n\t\t\t<\/figure>\n<figure class='gallery-item'>\n\t\t\t\t<img loading=\"lazy\" width=\"1024\" height=\"682\" src=\"https:\/\/renovarym.ca\/wp-content\/uploads\/2025\/01\/g4e90b0854cfd56e4b3aad9c9bddea45223fdeb7fbc9bc87c141417a169bb8af4f820526e724967f397e3d67a612687189eddbe01095723ef314e261064c9e41d_1280-3689922-1024x682.jpg\" alt=\"Renovarym bathroom\" decoding=\"async\" srcset=\"https:\/\/renovarym.ca\/wp-content\/uploads\/2025\/01\/g4e90b0854cfd56e4b3aad9c9bddea45223fdeb7fbc9bc87c141417a169bb8af4f820526e724967f397e3d67a612687189eddbe01095723ef314e261064c9e41d_1280-3689922-1024x682.jpg 1024w, https:\/\/renovarym.ca\/wp-content\/uploads\/2025\/01\/g4e90b0854cfd56e4b3aad9c9bddea45223fdeb7fbc9bc87c141417a169bb8af4f820526e724967f397e3d67a612687189eddbe01095723ef314e261064c9e41d_1280-3689922-300x200.webp 300w, https:\/\/renovarym.ca\/wp-content\/uploads\/2025\/01\/g4e90b0854cfd56e4b3aad9c9bddea45223fdeb7fbc9bc87c141417a169bb8af4f820526e724967f397e3d67a612687189eddbe01095723ef314e261064c9e41d_1280-3689922-768x512.jpg 768w, https:\/\/renovarym.ca\/wp-content\/uploads\/2025\/01\/g4e90b0854cfd56e4b3aad9c9bddea45223fdeb7fbc9bc87c141417a169bb8af4f820526e724967f397e3d67a612687189eddbe01095723ef314e261064c9e41d_1280-3689922.webp 1280w\" sizes=\"auto, (max-width: 1024px) 100vw, 1024px\" \/><br \/>\n\t\t\t<\/figure>\n","protected":false},"excerpt":{"rendered":"<p>La r\u00e9novation sur mesure \u00e0 Montr\u00e9al et la r\u00e9gion ! Chaque projet est une occasion de repousser les limites de l&rsquo;excellence et de cr\u00e9er des r\u00e9sultats qui inspirent. Contacter-nous \u00ab\u00a0Chez RenovaRym, notre passion est de transformer vos r\u00eaves en espaces uniques qui vous ressemblent. Votre satisfaction est notre plus grande r\u00e9compense, et nous sommes fiers [&hellip;]<\/p>\n","protected":false},"author":1,"featured_media":0,"parent":0,"menu_order":0,"comment_status":"closed","ping_status":"closed","template":"","meta":{"footnotes":""},"class_list":["post-651","page","type-page","status-publish","hentry"],"blocksy_meta":{"page_title_panel":"","has_hero_section":"disabled","46dd34ff6b5341647ab6a1afac859ff9":"","hero_section":"type-1","hero_elements":[{"id":"custom_title","enabled":true,"heading_tag":"h1","title":"Home"},{"id":"custom_description","enabled":true,"description_visibility":{"desktop":true,"tablet":true,"mobile":false}},{"id":"custom_meta","enabled":false,"meta_elements":[{"id":"author","enabled":true,"label":"By","has_author_avatar":"yes","avatar_size":25},{"id":"post_date","enabled":true,"label":"On","date_format_source":"default","date_format":"M j, Y"},{"id":"updated_date","enabled":false,"label":"On","date_format_source":"default","date_format":"M j, Y"},{"id":"categories","enabled":false,"label":"In","style":"simple"},{"id":"comments","enabled":true}],"page_meta_elements":{"joined":true,"articles_count":true,"comments":true}},{"id":"breadcrumbs","enabled":false}],"3c7d33fcdad3350225e5c2adffcdf951":"","hero_alignment1":"CT_CSS_SKIP_RULE","hero_margin":40,"hero_alignment2":"center","hero_vertical_alignment":"center","2f87530634270c6a49152d8da1467bbf":"","hero_structure":"narrow","61d660c549a251726f4cfaa9bccffa94":"","page_title_bg_type":"featured_image","custom_hero_background":{"attachment_id":null},"page_title_image_size":"full","parallax":{"desktop":false,"tablet":false,"mobile":false},"2f3f2a030c3acd69fd5aca129098cab2":"","hero_height":"250px","pageTitleFont":{"family":"Default","variation":"Default","size":"30px","line-height":"CT_CSS_SKIP_RULE","letter-spacing":"CT_CSS_SKIP_RULE","text-transform":"CT_CSS_SKIP_RULE","text-decoration":"CT_CSS_SKIP_RULE"},"pageTitleFontColor":{"default":{"color":"CT_CSS_SKIP_RULEDEFAULT"}},"pageMetaFont":{"family":"Default","variation":"n6","size":"12px","line-height":"1.3","letter-spacing":"CT_CSS_SKIP_RULE","text-transform":"uppercase","text-decoration":"CT_CSS_SKIP_RULE"},"pageMetaFontColor":{"default":{"color":"CT_CSS_SKIP_RULEDEFAULT"},"hover":{"color":"CT_CSS_SKIP_RULEDEFAULT"}},"page_meta_button_type_font_colors":{"default":{"color":"CT_CSS_SKIP_RULEDEFAULT"},"hover":{"color":"CT_CSS_SKIP_RULEDEFAULT"}},"page_meta_button_type_background_colors":{"default":{"color":"CT_CSS_SKIP_RULEDEFAULT"},"hover":{"color":"CT_CSS_SKIP_RULEDEFAULT"}},"pageExcerptFont":{"family":"Default","variation":"Default","size":"CT_CSS_SKIP_RULE","line-height":"CT_CSS_SKIP_RULE","letter-spacing":"CT_CSS_SKIP_RULE","text-transform":"CT_CSS_SKIP_RULE","text-decoration":"CT_CSS_SKIP_RULE"},"pageExcerptColor":{"default":{"color":"CT_CSS_SKIP_RULEDEFAULT"}},"breadcrumbsFont":{"family":"Default","variation":"Default","size":"CT_CSS_SKIP_RULE","line-height":"CT_CSS_SKIP_RULE","letter-spacing":"CT_CSS_SKIP_RULE","text-transform":"CT_CSS_SKIP_RULE","text-decoration":"CT_CSS_SKIP_RULE"},"breadcrumbsFontColor":{"default":{"color":"CT_CSS_SKIP_RULEDEFAULT"},"initial":{"color":"CT_CSS_SKIP_RULEDEFAULT"},"hover":{"color":"CT_CSS_SKIP_RULEDEFAULT"}},"pageTitleOverlay":{"background_type":"color","background_pattern":"type-1","background_image":{"attachment_id":null,"x":0,"y":0},"gradient":"linear-gradient(135deg,rgba(6,147,227,1) 0%,rgb(155,81,224) 100%)","background_repeat":"repeat","background_size":"auto","background_attachment":"scroll","patternColor":{"default":{"color":"#e5e7ea"}},"overlayColor":{"default":{"color":"CT_CSS_SKIP_RULE"}},"backgroundColor":{"default":{"color":"CT_CSS_SKIP_RULE"}}},"pageTitleBackground":{"background_type":"color","background_pattern":"type-1","background_image":{"attachment_id":null,"x":0,"y":0},"gradient":"linear-gradient(135deg,rgba(6,147,227,1) 0%,rgb(155,81,224) 100%)","background_repeat":"repeat","background_size":"auto","background_attachment":"scroll","patternColor":{"default":{"color":"#e5e7ea"}},"overlayColor":{"default":{"color":"CT_CSS_SKIP_RULE"}},"backgroundColor":{"default":{"color":"var(--theme-palette-color-6)"}}},"pageTitlePadding":{"top":"50px","bottom":"50px","left":"auto","right":"auto","linked":true},"f65b90edb4c6044a60d833e3e5a5eb8b":"","page_structure_type":"default","0dd640da724c6b4e9e09465d1ce05799":"","content_style_source":"inherit","content_style":"wide","vertical_spacing_source":"custom","content_area_spacing":"none","background":{"background_type":"color","background_pattern":"type-1","background_image":{"attachment_id":null,"x":0,"y":0},"gradient":"linear-gradient(135deg,rgba(6,147,227,1) 0%,rgb(155,81,224) 100%)","background_repeat":"repeat","background_size":"auto","background_attachment":"scroll","patternColor":{"default":{"color":"#e5e7ea"}},"overlayColor":{"default":{"color":"CT_CSS_SKIP_RULE"}},"backgroundColor":{"default":{"color":"CT_CSS_SKIP_RULE"}}},"content_background":{"background_type":"color","background_pattern":"type-1","background_image":{"attachment_id":null,"x":0,"y":0},"gradient":"linear-gradient(135deg,rgba(6,147,227,1) 0%,rgb(155,81,224) 100%)","background_repeat":"repeat","background_size":"auto","background_attachment":"scroll","patternColor":{"default":{"color":"#e5e7ea"}},"overlayColor":{"default":{"color":"CT_CSS_SKIP_RULE"}},"backgroundColor":{"default":{"color":"var(--theme-palette-color-8)"}}},"content_boxed_shadow":{"inherit":false,"blur":18,"spread":-6,"v_offset":12,"h_offset":0,"inset":false,"enable":true,"color":{"color":"rgba(34, 56, 101, 0.04)"}},"content_boxed_border":{"width":1,"style":"none","color":{"color":"rgba(44,62,80,0.2)"}},"content_boxed_radius":{"top":"3px","bottom":"3px","left":"3px","right":"3px","linked":true},"boxed_content_spacing":{"desktop":{"top":"40px","bottom":"40px","left":"40px","right":"40px","linked":true},"tablet":{"top":"35px","bottom":"35px","left":"35px","right":"35px","linked":true},"mobile":{"top":"20px","bottom":"20px","left":"20px","right":"20px","linked":true}},"05c9511d640c53bd8e357c22ed03e0b4":"","disable_featured_image":"no","disable_share_box":"no","disable_header":"no","disable_footer":"no","styles_descriptor":{"styles":{"desktop":"","tablet":"","mobile":""},"google_fonts":[],"version":6}},"_links":{"self":[{"href":"https:\/\/renovarym.ca\/fr_ca\/wp-json\/wp\/v2\/pages\/651","targetHints":{"allow":["GET"]}}],"collection":[{"href":"https:\/\/renovarym.ca\/fr_ca\/wp-json\/wp\/v2\/pages"}],"about":[{"href":"https:\/\/renovarym.ca\/fr_ca\/wp-json\/wp\/v2\/types\/page"}],"author":[{"embeddable":true,"href":"https:\/\/renovarym.ca\/fr_ca\/wp-json\/wp\/v2\/users\/1"}],"replies":[{"embeddable":true,"href":"https:\/\/renovarym.ca\/fr_ca\/wp-json\/wp\/v2\/comments?post=651"}],"version-history":[{"count":16,"href":"https:\/\/renovarym.ca\/fr_ca\/wp-json\/wp\/v2\/pages\/651\/revisions"}],"predecessor-version":[{"id":1543,"href":"https:\/\/renovarym.ca\/fr_ca\/wp-json\/wp\/v2\/pages\/651\/revisions\/1543"}],"wp:attachment":[{"href":"https:\/\/renovarym.ca\/fr_ca\/wp-json\/wp\/v2\/media?parent=651"}],"curies":[{"name":"wp","href":"https:\/\/api.w.org\/{rel}","templated":true}]}}